{"id":6232,"date":"2022-05-18T12:55:58","date_gmt":"2022-05-18T12:55:58","guid":{"rendered":"https:\/\/thermoplan.ro\/bg\/?page_id=6232"},"modified":"2022-06-16T17:24:16","modified_gmt":"2022-06-16T17:24:16","slug":"comoditate","status":"publish","type":"page","link":"https:\/\/thermoplan.ro\/bg\/produse\/blackwhite4-neo\/comoditate\/","title":{"rendered":"Comoditate"},"content":{"rendered":"[vc_row full_width=&#8221;stretch_row_content_no_spaces&#8221; full_height=&#8221;yes&#8221;][vc_column][vc_single_image image=&#8221;6235&#8243; img_size=&#8221;full&#8221;][\/vc_column][\/vc_row][vc_row css=&#8221;.vc_custom_1652877852215{padding-top: 40px !important;padding-bottom: 40px !important;}&#8221;][vc_column]<div id=\"argenta-custom-69f289f0b3fe2\"  class=\"heading-wrapper text-center\"  >\r\n\t\r\n\t<h3 class=\"second-title text-center\">Comoditate<\/h3>\r\n\r\n\t\r\n\t\r\n\t\t\t<p class=\"subtitle\">Performant \u0219i simplu. neo le are pe toate.<\/p>\r\n\t<\/div>\t\r\n\r\n[vc_empty_space][vc_row_inner gap=&#8221;15&#8243;][vc_column_inner width=&#8221;1\/2&#8243;]<div id=\"argenta-custom-69f289f0b421e\"  >\r\n\t<p><strong>Afacerea ta\u00a0<\/strong><br \/>\nBlack&amp;White4 neo, de \u00eenalt\u0103 performan\u021b\u0103, u\u0219or de utilizat, este accesoriul perfect pentru un magazin de proximitate, aduc\u00e2nd cafeaua la un nivel cu totul nou. La urma urmei, comoditatea este pentru care a fost f\u0103cut\u0103. F\u0103 ni\u0219te cump\u0103r\u0103turi, ia o cafea, mergi acas\u0103. \u00cen magazinul dvs. de proximitate, afacerile sunt constante pe tot parcursul zilei, iar cafeaua trebuie servit\u0103 la calitatea barista \u0219i, \u00een acela\u0219i timp, \u00een siguran\u021b\u0103 \u0219i simplu. Aparatul de cafea premium neo \u00eendepline\u0219te aceste cerin\u021be \u00een timp ce tenteaz\u0103 clien\u021bii cu aspectul s\u0103u elegant \u0219i extrem de de \u00eenalt\u0103 calitate. Fie c\u0103 este un chio\u0219c sau un supermarket, o benzin\u0103rie sau un hipermarket, totul se rezum\u0103 la o gam\u0103 larg\u0103 de produse, confort \u0219i cea mai bun\u0103 experien\u021b\u0103 pentru clien\u021bi. Pl\u0103\u021bile f\u0103r\u0103 contact \u0219i f\u0103r\u0103 numerar sunt o necesitate pentru sectorul dvs. Modulul op\u021bional de plat\u0103 ofer\u0103 clien\u021bilor dumneavoastr\u0103 o modalitate convenabil\u0103 de plat\u0103.<br \/>\n\u00cen timpul desf\u0103\u0219ur\u0103rii agitate de zi cu zi a unei afaceri, nu exist\u0103 timp pentru procese complexe de cur\u0103\u021bare sau \u00eentre\u021binere. Accentul se pune pe afacere \u0219i nu pe ma\u0219in\u0103. De aceea, neo este conceput pentru a v\u0103 ocupa c\u00e2t mai pu\u021bin din timp; procesul de cur\u0103\u021bare scurt \u0219i independent nu necesit\u0103 ca niciun personal s\u0103 \u00eel monitorizeze. Accentul se pune aici pe personalul t\u0103u: neo face via\u021ba echipei tale c\u00e2t mai u\u0219oar\u0103 posibil. Chiar \u0219i lucr\u0103torii \u00een schimburi sau angaja\u021bii cu norm\u0103 par\u021bial\u0103 se vor descurca perfect cu comenzile intuitive \u0219i, datorit\u0103 instruc\u021biunilor pas cu pas de pe afi\u0219ajul mare de 10 inchi, nu vor avea nevoie de nicio preg\u0103tire pentru a utiliza aparatul.<\/p>\n<p><strong>Clien\u021bii t\u0103i<\/strong><br \/>\nClien\u021bii dvs. doresc s\u0103 poat\u0103 s\u0103 \u00ee\u0219i rezolve treburile, s\u0103 umple rezervorul de benzin\u0103 sau s\u0103 fac\u0103 c\u00e2teva cump\u0103r\u0103turi \u00een cel mai scurt timp posibil. \u201eDoar o cea\u0219c\u0103 rapid\u0103 de cafea\u201d \u2013 cu neo po\u021bi satisface aceast\u0103 nevoie, fie c\u0103 e\u0219ti un magazin independent sau un lan\u021b, un col\u021b de cafea sau o cafenea \u00een magazin. neo este flexibil \u0219i poate fi conectat la o priz\u0103 conven\u021bional\u0103 de 230 de vol\u021bi, dar nu va trece neobservat. Datorit\u0103 designului s\u0103u elegant, atemporal, se eviden\u021biaz\u0103 fa\u021b\u0103 de alte aparate de cafea complet automate \u0219i \u00eei va convinge pe cump\u0103r\u0103torii ocupa\u021bi s\u0103 ia o cafea pentru a m\u00e2nca. Cu senzori pentru monitorizarea nivelurilor de umplere a boabelor de cafea \u0219i a laptelui, o tav\u0103 de picurare, rezervoare de ap\u0103 \u0219i un suport pentru pahare, neo este creat pentru sectorul de autoservire \u0219i poate fi completat cu modulul nostru de plat\u0103. Clien\u021bii t\u0103i pot alege dintr-o gam\u0103 larg\u0103 de b\u0103uturi \u0219i pot pl\u0103ti \u0219i savura o cea\u0219c\u0103 de cafea premium \u00een magazinul t\u0103u.<\/p>\n<\/div>\r\n\r\n[\/vc_column_inner][vc_column_inner width=&#8221;1\/2&#8243;]<div id=\"argenta-custom-69f289f0b42c3\"  >\r\n\t<p><b>Neo-ul t\u0103u<\/b><br \/>\nNeo se va integra perfect cu mediul dvs. de afaceri \u0219i va ad\u0103uga o not\u0103 de calitate premium elve\u021bian\u0103 experien\u021bei de cump\u0103r\u0103turi pe care o oferi\u021bi. Oferind o gam\u0103 larg\u0103 de b\u0103uturi, satisface toate gusturile, fie c\u0103 este cafea clasic\u0103 sau decofeinizat\u0103, lactate sau lapte vegetal. \u00cen acela\u0219i timp, este practic silen\u021bios \u0219i nu v\u0103 va deranja pe dumneavoastr\u0103 sau pe clien\u021bii dvs. \u00een timp ce v\u0103 desf\u0103\u0219ura\u021bi afacerea. \u00cen plus, datorit\u0103 noii tehnologii de \u00eenc\u0103lzire \u0219i lapte care economisesc energie, este foarte economisitor de resurse \u0219i nu exist\u0103 un consum ascuns de energie \u00een timpul opririi.<br \/>\nDac\u0103 ave\u021bi o franciz\u0103 sau un lan\u021b, re\u021beaua de parteneri Thermoplan v\u0103 st\u0103 la dispozi\u021bie, permi\u021b\u00e2ndu-v\u0103 s\u0103 v\u0103 echipa\u021bi magazinele cu utilajele noastre complet automate oriunde v-a\u021bi afla. Ma\u0219ina dvs. poate merge practic oriunde, deoarece pur \u0219i simplu are nevoie de o surs\u0103 de alimentare conven\u021bional\u0103 \u0219i poate fi echipat\u0103 cu un rezervor de ap\u0103. Containerele care se \u00eencuie, o tav\u0103 mare de scurgere \u0219i un sertar pentru zah\u0103r fac din neo o solu\u021bie sigur\u0103 \u0219i sigur\u0103 pentru afacerea dvs., pe care o pute\u021bi l\u0103sa s\u0103 se \u00eengrijeasc\u0103 singur.<\/p>\n<\/div>\r\n\r\n[\/vc_column_inner][\/vc_row_inner][\/vc_column][\/vc_row][vc_row][vc_column][vc_btn title=&#8221;\u00cenapoi la Black&amp;White4 neo&#8221; color=&#8221;black&#8221; align=&#8221;center&#8221; i_type=&#8221;material&#8221; i_icon_material=&#8221;vc-material vc-material-arrow_back&#8221; add_icon=&#8221;true&#8221; link=&#8221;url:https%3A%2F%2Fthermoplan.ro%2Fbg%2Fproduse%2Fblackwhite4-neo%2F|title:Black%26White4%20neo&#8221;][\/vc_column][\/vc_row]\n","protected":false},"excerpt":{"rendered":"<p>[vc_row full_width=&#8221;stretch_row_content_no_spaces&#8221; full_height=&#8221;yes&#8221;][vc_column][vc_single_image image=&#8221;6235&#8243; img_size=&#8221;full&#8221;][\/vc_column][\/vc_row][vc_row css=&#8221;.vc_custom_1652877852215{padding-top: 40px !important;padding-bottom: 40px !important;}&#8221;][vc_column][vc_empty_space][vc_row_inner gap=&#8221;15&#8243;][vc_column_inner width=&#8221;1\/2&#8243;][\/vc_column_inner][vc_column_inner width=&#8221;1\/2&#8243;][\/vc_column_inner][\/vc_row_inner][\/vc_column][\/vc_row][vc_row][vc_column][vc_btn title=&#8221;\u00cenapoi la Black&amp;White4 neo&#8221; color=&#8221;black&#8221; align=&#8221;center&#8221; i_type=&#8221;material&#8221; i_icon_material=&#8221;vc-material vc-material-arrow_back&#8221; add_icon=&#8221;true&#8221; link=&#8221;url:https%3A%2F%2Fthermoplan.ro%2Fbg%2Fproduse%2Fblackwhite4-neo%2F|title:Black%26White4%20neo&#8221;][\/vc_column][\/vc_row]<\/p>\n","protected":false},"author":1,"featured_media":0,"parent":5707,"menu_order":0,"comment_status":"closed","ping_status":"closed","template":"","meta":{"footnotes":""},"class_list":["post-6232","page","type-page","status-publish","hentry"],"acf":[],"_links":{"self":[{"href":"https:\/\/thermoplan.ro\/bg\/wp-json\/wp\/v2\/pages\/6232","targetHints":{"allow":["GET"]}}],"collection":[{"href":"https:\/\/thermoplan.ro\/bg\/wp-json\/wp\/v2\/pages"}],"about":[{"href":"https:\/\/thermoplan.ro\/bg\/wp-json\/wp\/v2\/types\/page"}],"author":[{"embeddable":true,"href":"https:\/\/thermoplan.ro\/bg\/wp-json\/wp\/v2\/users\/1"}],"replies":[{"embeddable":true,"href":"https:\/\/thermoplan.ro\/bg\/wp-json\/wp\/v2\/comments?post=6232"}],"version-history":[{"count":5,"href":"https:\/\/thermoplan.ro\/bg\/wp-json\/wp\/v2\/pages\/6232\/revisions"}],"predecessor-version":[{"id":6369,"href":"https:\/\/thermoplan.ro\/bg\/wp-json\/wp\/v2\/pages\/6232\/revisions\/6369"}],"up":[{"embeddable":true,"href":"https:\/\/thermoplan.ro\/bg\/wp-json\/wp\/v2\/pages\/5707"}],"wp:attachment":[{"href":"https:\/\/thermoplan.ro\/bg\/wp-json\/wp\/v2\/media?parent=6232"}],"curies":[{"name":"wp","href":"https:\/\/api.w.org\/{rel}","templated":true}]}}