{"id":6226,"date":"2022-05-18T12:54:10","date_gmt":"2022-05-18T12:54:10","guid":{"rendered":"https:\/\/thermoplan.ro\/bg\/?page_id=6226"},"modified":"2022-06-16T17:18:49","modified_gmt":"2022-06-16T17:18:49","slug":"brutarie","status":"publish","type":"page","link":"https:\/\/thermoplan.ro\/bg\/produse\/blackwhite4-neo\/brutarie\/","title":{"rendered":"Brut\u0103rie"},"content":{"rendered":"[vc_row full_width=&#8221;stretch_row_content_no_spaces&#8221; full_height=&#8221;yes&#8221;][vc_column][vc_single_image image=&#8221;6229&#8243; img_size=&#8221;full&#8221;][\/vc_column][\/vc_row][vc_row css=&#8221;.vc_custom_1652877852215{padding-top: 40px !important;padding-bottom: 40px !important;}&#8221;][vc_column]<div id=\"argenta-custom-69f2889f3c100\"  class=\"heading-wrapper text-center\"  >\r\n\t\r\n\t<h3 class=\"second-title text-center\">Brut\u0103rie<\/h3>\r\n\r\n\t\r\n\t\r\n\t\t\t<p class=\"subtitle\">Produse de patiserie \u0219i cafea. Inseparabil cu neo.<\/p>\r\n\t<\/div>\t\r\n\r\n[vc_empty_space][vc_row_inner gap=&#8221;15&#8243;][vc_column_inner width=&#8221;1\/2&#8243;]<div id=\"argenta-custom-69f2889f3c352\"  >\r\n\t<p><strong>Afacerea ta\u00a0<\/strong><br \/>\nLa brut\u0103ria dumneavoastr\u0103, distrac\u021bia \u0219i r\u0103coritoarele \u00ee\u0219i unesc for\u021bele. Lucrul cu clien\u021bii \u0219i consilierea acestora cu privire la ce s\u0103 aleag\u0103 din gama extins\u0103 de produse sunt priorit\u0103\u021bile tale de baz\u0103. Tendin\u021bele joac\u0103 un rol important \u00een magazinul dvs., pe m\u0103sur\u0103 ce v\u0103 adapta\u021bi gama la cerin\u021bele \u00een schimbare ale clien\u021bilor. Datorit\u0103 variet\u0103\u021bii sale de configura\u021bii, neo poate fi adaptat perfect clien\u021bilor dumneavoastr\u0103, produc\u00e2nd specialit\u0103\u021bi remarcabile de cafea \u0219i lapte, chiar \u0219i cu soiuri alternative de lapte. \u00cen plus, este extrem de u\u0219or de utilizat \u0219i poate fi utilizat cu u\u0219urin\u021b\u0103 at\u00e2t de c\u0103tre personalul care serve\u0219te, c\u00e2t \u0219i din sectorul de autoservire.<br \/>\nneo se va integra perfect \u00een orice cadru de panifica\u021bie. Fabricat \u00een Elve\u021bia, va ad\u0103uga o not\u0103 de m\u0103iestrie elve\u021bian\u0103 de \u00eenalt\u0103 calitate afacerii dumneavoastr\u0103. De asemenea, este ideal pentru solu\u021bii precum brut\u0103riile mobile. Op\u021biunea flexibil\u0103 a rezervorului de ap\u0103 \u0219i sursa de alimentare conven\u021bional\u0103 v\u0103 permit s\u0103 oferi\u021bi clien\u021bilor dumneavoastr\u0103 cafea premium oriunde v-a\u021bi afla.<\/p>\n<p><strong>Clien\u021bii t\u0103i<\/strong><br \/>\nDiminea\u021ba se poate forma o coad\u0103 \u00een magazinul dvs. Oamenii doresc produse de patiserie pentru a-\u0219i \u00eencepe ziua de lucru \u2013 fie pentru a m\u00e2nca din mers, fie pentru un mic dejun. Prima cafea a zilei trebuie s\u0103 fie de top, deoarece \u00ee\u021bi r\u0103m\u00e2ne \u00een minte \u0219i poate influen\u021ba modul \u00een care \u00eencepi ziua. Este adesea foarte aglomerat, nu este mult spa\u021biu \u0219i lucrurile trebuie s\u0103 se mi\u0219te rapid. \u00cen acest scenariu, neo ofer\u0103 o cafea dup\u0103 alta cu cea\u0219c\u0103 dup\u0103 cea\u0219c\u0103 de cea mai bun\u0103 calitate. Dac\u0103 clien\u021bii dumneavoastr\u0103 au nevoie de o specialitate cu soiuri alternative de lapte, ei pot a\u0219tepta cu ner\u0103bdare o b\u0103utur\u0103 de top cu cea mai fin\u0103 spum\u0103 de lapte \u2013 neo poate fi echipat \u0219i cu o baghet\u0103 de abur pentru spumarea soiurilor alternative de lapte.<\/p>\n<\/div>\r\n\r\n[\/vc_column_inner][vc_column_inner width=&#8221;1\/2&#8243;]<div id=\"argenta-custom-69f2889f3c3f9\"  >\r\n\t<p><strong>Neo-ul t\u0103u<\/strong><br \/>\nNeo-ul dumneavoastr\u0103 va rezista perfect testului \u00een perioadele de v\u00e2rf tipice experimentate \u00een sectorul de panifica\u021bie. Func\u021bia de coad\u0103 asigur\u0103 c\u0103 echipa dvs. nu trebuie s\u0103-\u0219i aminteasc\u0103 numeroase comenzi de b\u0103uturi, ci mai degrab\u0103 se poate concentra pe ceea ce conteaz\u0103 cu adev\u0103rat &#8211; clien\u021bii dvs. Fiind o ma\u0219in\u0103 elegant\u0103, premium, complet automat\u0103, se va integra perfect \u00een magazinul dvs. \u0219i va oferi o calitate superioar\u0103 continu\u0103, fie c\u0103 este diminea\u021ba devreme sau seara la sf\u00e2r\u0219it. Ecranul mare de 10 inchi poate fi complet personalizat \u0219i pute\u021bi atrage aten\u021bia clien\u021bilor asupra gamei \u0219i ofertelor dvs. de produse cu imagini \u0219i videoclipuri.<br \/>\n\u00cen brut\u0103riile cu personal de servire, operarea u\u0219oar\u0103, intuitiv\u0103 \u0219i siguran\u021b\u0103 maxim\u0103 sunt esen\u021biale. Chiar \u0219i personalul neinstruit sau cu jum\u0103tate de norm\u0103 poate folosi ma\u0219ina cu u\u0219urin\u021b\u0103 de la \u00eenceput; instruc\u021biunile pas cu pas \u00eei ghideaz\u0103 prin procesul de cur\u0103\u021bare \u0219i \u00eei ajut\u0103 la completarea laptelui \u0219i a boabelor de cafea. Neo v\u0103 informeaz\u0103 dumneavoastr\u0103 \u0219i angaja\u021bilor dumneavoastr\u0103 dac\u0103 paharul nu este pozi\u021bionat corect sub gura de scurgere sau dac\u0103 trebuie ad\u0103ugate ap\u0103 \u0219i fasole sau dac\u0103 trebuie luate alte m\u0103suri.<\/p>\n<\/div>\r\n\r\n[\/vc_column_inner][\/vc_row_inner][\/vc_column][\/vc_row][vc_row][vc_column][vc_btn title=&#8221;\u00cenapoi la Black&amp;White4 neo&#8221; color=&#8221;black&#8221; align=&#8221;center&#8221; i_type=&#8221;material&#8221; i_icon_material=&#8221;vc-material vc-material-arrow_back&#8221; add_icon=&#8221;true&#8221; link=&#8221;url:https%3A%2F%2Fthermoplan.ro%2Fbg%2Fproduse%2Fblackwhite4-neo%2F|title:Black%26White4%20neo&#8221;][\/vc_column][\/vc_row]\n","protected":false},"excerpt":{"rendered":"<p>[vc_row full_width=&#8221;stretch_row_content_no_spaces&#8221; full_height=&#8221;yes&#8221;][vc_column][vc_single_image image=&#8221;6229&#8243; img_size=&#8221;full&#8221;][\/vc_column][\/vc_row][vc_row css=&#8221;.vc_custom_1652877852215{padding-top: 40px !important;padding-bottom: 40px !important;}&#8221;][vc_column][vc_empty_space][vc_row_inner gap=&#8221;15&#8243;][vc_column_inner width=&#8221;1\/2&#8243;][\/vc_column_inner][vc_column_inner width=&#8221;1\/2&#8243;][\/vc_column_inner][\/vc_row_inner][\/vc_column][\/vc_row][vc_row][vc_column][vc_btn title=&#8221;\u00cenapoi la Black&amp;White4 neo&#8221; color=&#8221;black&#8221; align=&#8221;center&#8221; i_type=&#8221;material&#8221; i_icon_material=&#8221;vc-material vc-material-arrow_back&#8221; add_icon=&#8221;true&#8221; link=&#8221;url:https%3A%2F%2Fthermoplan.ro%2Fbg%2Fproduse%2Fblackwhite4-neo%2F|title:Black%26White4%20neo&#8221;][\/vc_column][\/vc_row]<\/p>\n","protected":false},"author":1,"featured_media":0,"parent":5707,"menu_order":0,"comment_status":"closed","ping_status":"closed","template":"","meta":{"footnotes":""},"class_list":["post-6226","page","type-page","status-publish","hentry"],"acf":[],"_links":{"self":[{"href":"https:\/\/thermoplan.ro\/bg\/wp-json\/wp\/v2\/pages\/6226","targetHints":{"allow":["GET"]}}],"collection":[{"href":"https:\/\/thermoplan.ro\/bg\/wp-json\/wp\/v2\/pages"}],"about":[{"href":"https:\/\/thermoplan.ro\/bg\/wp-json\/wp\/v2\/types\/page"}],"author":[{"embeddable":true,"href":"https:\/\/thermoplan.ro\/bg\/wp-json\/wp\/v2\/users\/1"}],"replies":[{"embeddable":true,"href":"https:\/\/thermoplan.ro\/bg\/wp-json\/wp\/v2\/comments?post=6226"}],"version-history":[{"count":5,"href":"https:\/\/thermoplan.ro\/bg\/wp-json\/wp\/v2\/pages\/6226\/revisions"}],"predecessor-version":[{"id":6366,"href":"https:\/\/thermoplan.ro\/bg\/wp-json\/wp\/v2\/pages\/6226\/revisions\/6366"}],"up":[{"embeddable":true,"href":"https:\/\/thermoplan.ro\/bg\/wp-json\/wp\/v2\/pages\/5707"}],"wp:attachment":[{"href":"https:\/\/thermoplan.ro\/bg\/wp-json\/wp\/v2\/media?parent=6226"}],"curies":[{"name":"wp","href":"https:\/\/api.w.org\/{rel}","templated":true}]}}