{"id":6220,"date":"2022-05-18T12:52:23","date_gmt":"2022-05-18T12:52:23","guid":{"rendered":"https:\/\/thermoplan.ro\/bg\/?page_id=6220"},"modified":"2022-06-16T17:28:44","modified_gmt":"2022-06-16T17:28:44","slug":"gastronomie","status":"publish","type":"page","link":"https:\/\/thermoplan.ro\/bg\/produse\/blackwhite4-neo\/gastronomie\/","title":{"rendered":"Gastronomie"},"content":{"rendered":"[vc_row full_width=&#8221;stretch_row_content_no_spaces&#8221; full_height=&#8221;yes&#8221;][vc_column][vc_single_image image=&#8221;6223&#8243; img_size=&#8221;full&#8221;][\/vc_column][\/vc_row][vc_row css=&#8221;.vc_custom_1652877852215{padding-top: 40px !important;padding-bottom: 40px !important;}&#8221;][vc_column]<div id=\"argenta-custom-69f28866976a2\"  class=\"heading-wrapper text-center\"  >\r\n\t\r\n\t<h3 class=\"second-title text-center\">Gastronomie<\/h3>\r\n\r\n\t\r\n\t\r\n\t\t\t<p class=\"subtitle\">Intuitiv \u0219i de cea mai \u00eenalt\u0103 calitate. neo \u00eel men\u021bine de \u00eencredere.<\/p>\r\n\t<\/div>\t\r\n\r\n[vc_empty_space][vc_row_inner gap=&#8221;15&#8243;][vc_column_inner width=&#8221;1\/2&#8243;]<div id=\"argenta-custom-69f2886697b09\"  >\r\n\t<p><strong>Afacerea ta<\/strong><br \/>\nVino, comand\u0103, m\u0103n\u00e2nc\u0103 \u0219i pleac\u0103. \u00cen func\u021bionarea de zi cu zi a unui restaurant fast-food, lucrurile trebuie s\u0103 se mi\u0219te rapid \u0219i f\u0103r\u0103 probleme. Toate procesele sunt bine adaptate \u0219i definite \u0219i un num\u0103r mare de clien\u021bi sunt servi\u021bi \u00eentr-un timp foarte scurt, astfel \u00eenc\u00e2t fiecare ac\u021biune conteaz\u0103. Clien\u021bii t\u0103i sunt \u00eenfometa\u021bi \u0219i apreciaz\u0103 un proces u\u0219or de comand\u0103. Din acest motiv, \u0219i aparatul de cafea trebuie s\u0103 fie simplu \u0219i u\u0219or de utilizat \u2013 at\u00e2t pentru clien\u021bi, c\u00e2t \u0219i pentru personal, fie c\u0103 sunt instrui\u021bi sau \u00eencep\u0103tori. Totul despre acest aparat de cafea este intuitiv \u2013 chiar \u0219i cur\u0103\u021barea \u2013 iar instruc\u021biunile pas cu pas fac \u0219i el rapid. Sistemul de telemetrie Thermoplan ThermoplanConnect este o solu\u021bie digital\u0103 care garanteaz\u0103 o imagine de ansamblu \u00een direct a tuturor aparatelor din flota dvs. de ma\u0219ini, statistici cuprinz\u0103toare privind cele mai populare b\u0103uturi, orele de v\u00e2rf \u0219i prevederile de \u00eentre\u021binere \u0219i alte analize. Datorit\u0103 IoT, pute\u021bi optimiza utilizarea aparatului de cafea. Fiabilitatea este cheia afacerii tale, iar neo \u00ee\u021bi ofer\u0103 cea\u0219c\u0103 dup\u0103 cea\u0219c\u0103 de cea mai bun\u0103 calitate. Datorit\u0103 tehnologiei inovatoare Thermoplan, \u0435\u0441\u043f\u0440\u0435\u0441\u043e-ul diminea\u021ba are exact acela\u0219i gust seara t\u00e2rziu. Este ceva pe care te po\u021bi baza.<\/p>\n<p>&nbsp;<\/p>\n<p><strong>Clien\u021bii t\u0103i<\/strong><br \/>\n<span class=\"JLqJ4b ChMk0b\" data-language-for-alternatives=\"ro\" data-language-to-translate-into=\"en\" data-phrase-index=\"0\" data-number-of-phrases=\"8\"><span class=\"Q4iAWc\">Rapid, sigur \u0219i u\u0219or de utilizat \u2013 g\u0103si\u021bi dintr-o privire specialitatea de cafea pe care o c\u0103uta\u021bi.<\/span><\/span> <span class=\"JLqJ4b ChMk0b\" data-language-for-alternatives=\"ro\" data-language-to-translate-into=\"en\" data-phrase-index=\"1\" data-number-of-phrases=\"8\"><span class=\"Q4iAWc\">Clien\u021bii \u0219i angaja\u021bii dumneavoastr\u0103 se bazeaz\u0103 pe confort maxim \u00een mediul agitat de catering de zi cu zi.<\/span><\/span> <span class=\"JLqJ4b ChMk0b\" data-language-for-alternatives=\"ro\" data-language-to-translate-into=\"en\" data-phrase-index=\"2\" data-number-of-phrases=\"8\"><span class=\"Q4iAWc\">Oaspe\u021bii t\u0103i sunt curio\u0219i \u0219i le place s\u0103-\u0219i croiasc\u0103 drum prin tendin\u021bele din lumea \u043a\u0430\u0444\u0435\u0442\u0430i, cum ar fi soiurile alternative de lapte pe baz\u0103 de plante.<\/span><\/span> <span class=\"JLqJ4b ChMk0b\" data-language-for-alternatives=\"ro\" data-language-to-translate-into=\"en\" data-phrase-index=\"3\" data-number-of-phrases=\"8\"><span class=\"Q4iAWc\">Neo \u00eendepline\u0219te \u00een mod fiabil cerin\u021bele individuale, cum ar fi b\u0103uturile decofeinizate \u0219i specialit\u0103\u021bile cu pudr\u0103 (ciocolat\u0103) sau lapte praf spumat.<\/span><\/span> <span class=\"JLqJ4b ChMk0b\" data-language-for-alternatives=\"ro\" data-language-to-translate-into=\"en\" data-phrase-index=\"4\" data-number-of-phrases=\"8\"><span class=\"Q4iAWc\">Spuma de lapte premium de la o ma\u0219in\u0103 de cafea complet automat\u0103 fabricat\u0103 \u00een Elve\u021bia, care este extrem de u\u0219or de utilizat, este o \u00eenc\u00e2ntare.<\/span><\/span> <span class=\"JLqJ4b ChMk0b\" data-language-for-alternatives=\"ro\" data-language-to-translate-into=\"en\" data-phrase-index=\"5\" data-number-of-phrases=\"8\"><span class=\"Q4iAWc\">Echipa ta va iubi ma\u0219ina pentru comenzile intuitive \u0219i standardele maxime de siguran\u021b\u0103.<\/span><\/span> <span class=\"JLqJ4b ChMk0b\" data-language-for-alternatives=\"ro\" data-language-to-translate-into=\"en\" data-phrase-index=\"6\" data-number-of-phrases=\"8\"><span class=\"Q4iAWc\">Nu trebuie s\u0103 urm\u0103ri\u021bi nivelurile de umplere pe neo, iar ma\u0219ina chiar va anun\u021ba oaspe\u021bii \u0219i angaja\u021bii dumneavoastr\u0103 dac\u0103 paharul este pozi\u021bionat incorect sub gura de scurgere.<\/span><\/span> <span class=\"JLqJ4b ChMk0b\" data-language-for-alternatives=\"ro\" data-language-to-translate-into=\"en\" data-phrase-index=\"7\" data-number-of-phrases=\"8\"><span class=\"Q4iAWc\">Nu putea fi mai clar.<\/span><\/span><\/p>\n<\/div>\r\n\r\n[\/vc_column_inner][vc_column_inner width=&#8221;1\/2&#8243;]<div id=\"argenta-custom-69f2886697c97\"  >\r\n\t<p><strong>Neo-ul t\u0103u<\/strong><br \/>\n<span class=\"JLqJ4b ChMk0b\" data-language-for-alternatives=\"ro\" data-language-to-translate-into=\"en\" data-phrase-index=\"0\" data-number-of-phrases=\"7\"><span class=\"Q4iAWc\">Neo nu numai c\u0103 ofer\u0103 \u00een mod fiabil o gam\u0103 larg\u0103 de b\u0103uturi de calitate superioar\u0103 cu spum\u0103 de lapte excelent\u0103, dar neo este, de asemenea, al t\u0103u \u0219i numai al t\u0103u.<\/span><\/span> <span class=\"JLqJ4b ChMk0b\" data-language-for-alternatives=\"ro\" data-language-to-translate-into=\"en\" data-phrase-index=\"1\" data-number-of-phrases=\"7\"><span class=\"Q4iAWc\">Practic silen\u021bios, afacerile nu vor fi deranjate de zgomote puternice \u0219i zgomot\u0103toare.<\/span><\/span> <span class=\"JLqJ4b ChMk0b\" data-language-for-alternatives=\"ro\" data-language-to-translate-into=\"en\" data-phrase-index=\"2\" data-number-of-phrases=\"7\"><span class=\"Q4iAWc\">Datorit\u0103 sistemului Thermoplan Clip&amp;Click, timpul de nefunc\u021bionare este redus la minimum \u0219i activitatea de zi cu zi nu va fi \u00eentrerupt\u0103 de sarcinile de \u00eentre\u021binere care necesit\u0103 timp.<\/span><\/span> <span class=\"JLqJ4b ChMk0b\" data-language-for-alternatives=\"ro\" data-language-to-translate-into=\"en\" data-phrase-index=\"3\" data-number-of-phrases=\"7\"><span class=\"Q4iAWc\">Camera de preparare poate fi \u00eendep\u0103rtat\u0103 \u00eentr-un singur pas \u0219i cur\u0103\u021bat\u0103 \u00een ma\u0219ina de sp\u0103lat vase &#8211; nu ar putea fi mai rapid sau mai u\u0219or.<\/span><\/span> <span class=\"JLqJ4b ChMk0b\" data-language-for-alternatives=\"ro\" data-language-to-translate-into=\"en\" data-phrase-index=\"4\" data-number-of-phrases=\"7\"><span class=\"Q4iAWc\">Interfa\u021ba cu utilizatorul a afi\u0219ajului mare al ma\u0219inii poate fi personalizat\u0103 pentru diferite domenii de utilizare \u0219i ofer\u0103 oaspe\u021bilor t\u0103i puncte de contact suplimentare.<\/span><\/span> <span class=\"JLqJ4b ChMk0b\" data-language-for-alternatives=\"ro\" data-language-to-translate-into=\"en\" data-phrase-index=\"5\" data-number-of-phrases=\"7\"><span class=\"Q4iAWc\">neo este func\u021bional, folose\u0219te eficient resursele \u0219i se concentreaz\u0103 pe ceea ce conteaz\u0103 cu adev\u0103rat.<\/span><\/span> <span class=\"JLqJ4b ChMk0b\" data-language-for-alternatives=\"ro\" data-language-to-translate-into=\"en\" data-phrase-index=\"6\" data-number-of-phrases=\"7\"><span class=\"Q4iAWc\">Este acolo pentru tine non-stop.<\/span><\/span><\/p>\n<\/div>\r\n\r\n[\/vc_column_inner][\/vc_row_inner][\/vc_column][\/vc_row][vc_row][vc_column][vc_btn title=&#8221;\u00cenapoi la Black&amp;White4 neo&#8221; color=&#8221;black&#8221; align=&#8221;center&#8221; i_type=&#8221;material&#8221; i_icon_material=&#8221;vc-material vc-material-arrow_back&#8221; add_icon=&#8221;true&#8221; link=&#8221;url:https%3A%2F%2Fthermoplan.ro%2Fbg%2Fproduse%2Fblackwhite4-neo%2F|title:Black%26White4%20neo&#8221;][\/vc_column][\/vc_row]\n","protected":false},"excerpt":{"rendered":"<p>[vc_row full_width=&#8221;stretch_row_content_no_spaces&#8221; full_height=&#8221;yes&#8221;][vc_column][vc_single_image image=&#8221;6223&#8243; img_size=&#8221;full&#8221;][\/vc_column][\/vc_row][vc_row css=&#8221;.vc_custom_1652877852215{padding-top: 40px !important;padding-bottom: 40px !important;}&#8221;][vc_column][vc_empty_space][vc_row_inner gap=&#8221;15&#8243;][vc_column_inner width=&#8221;1\/2&#8243;][\/vc_column_inner][vc_column_inner width=&#8221;1\/2&#8243;][\/vc_column_inner][\/vc_row_inner][\/vc_column][\/vc_row][vc_row][vc_column][vc_btn title=&#8221;\u00cenapoi la Black&amp;White4 neo&#8221; color=&#8221;black&#8221; align=&#8221;center&#8221; i_type=&#8221;material&#8221; i_icon_material=&#8221;vc-material vc-material-arrow_back&#8221; add_icon=&#8221;true&#8221; link=&#8221;url:https%3A%2F%2Fthermoplan.ro%2Fbg%2Fproduse%2Fblackwhite4-neo%2F|title:Black%26White4%20neo&#8221;][\/vc_column][\/vc_row]<\/p>\n","protected":false},"author":1,"featured_media":0,"parent":5707,"menu_order":0,"comment_status":"closed","ping_status":"closed","template":"","meta":{"footnotes":""},"class_list":["post-6220","page","type-page","status-publish","hentry"],"acf":[],"_links":{"self":[{"href":"https:\/\/thermoplan.ro\/bg\/wp-json\/wp\/v2\/pages\/6220","targetHints":{"allow":["GET"]}}],"collection":[{"href":"https:\/\/thermoplan.ro\/bg\/wp-json\/wp\/v2\/pages"}],"about":[{"href":"https:\/\/thermoplan.ro\/bg\/wp-json\/wp\/v2\/types\/page"}],"author":[{"embeddable":true,"href":"https:\/\/thermoplan.ro\/bg\/wp-json\/wp\/v2\/users\/1"}],"replies":[{"embeddable":true,"href":"https:\/\/thermoplan.ro\/bg\/wp-json\/wp\/v2\/comments?post=6220"}],"version-history":[{"count":5,"href":"https:\/\/thermoplan.ro\/bg\/wp-json\/wp\/v2\/pages\/6220\/revisions"}],"predecessor-version":[{"id":6374,"href":"https:\/\/thermoplan.ro\/bg\/wp-json\/wp\/v2\/pages\/6220\/revisions\/6374"}],"up":[{"embeddable":true,"href":"https:\/\/thermoplan.ro\/bg\/wp-json\/wp\/v2\/pages\/5707"}],"wp:attachment":[{"href":"https:\/\/thermoplan.ro\/bg\/wp-json\/wp\/v2\/media?parent=6220"}],"curies":[{"name":"wp","href":"https:\/\/api.w.org\/{rel}","templated":true}]}}