{"id":6214,"date":"2022-05-18T12:50:31","date_gmt":"2022-05-18T12:50:31","guid":{"rendered":"https:\/\/thermoplan.ro\/bg\/?page_id=6214"},"modified":"2022-06-16T17:27:13","modified_gmt":"2022-06-16T17:27:13","slug":"sectorul-serviciilor","status":"publish","type":"page","link":"https:\/\/thermoplan.ro\/bg\/produse\/blackwhite4-neo\/sectorul-serviciilor\/","title":{"rendered":"Sectorul serviciilor"},"content":{"rendered":"[vc_row full_width=&#8221;stretch_row_content_no_spaces&#8221; full_height=&#8221;yes&#8221;][vc_column][vc_single_image image=&#8221;6217&#8243; img_size=&#8221;full&#8221;][\/vc_column][\/vc_row][vc_row css=&#8221;.vc_custom_1652877852215{padding-top: 40px !important;padding-bottom: 40px !important;}&#8221;][vc_column]<div id=\"argenta-custom-69f289564fe1d\"  class=\"heading-wrapper text-center\"  >\r\n\t\r\n\t<h3 class=\"second-title text-center\">Sectorul serviciilor<\/h3>\r\n\r\n\t\r\n\t\r\n\t\t\t<p class=\"subtitle\">Arat\u0103-le clien\u021bilor t\u0103i aprecierea ta. neo \u00ee\u0219i face partea.<\/p>\r\n\t<\/div>\t\r\n\r\n[vc_empty_space][vc_row_inner gap=&#8221;15&#8243;][vc_column_inner width=&#8221;1\/2&#8243;]<div id=\"argenta-custom-69f289564ffbc\"  >\r\n\t<p><strong>Afacerea ta<\/strong><br \/>\nArat\u0103-le clien\u021bilor t\u0103i aprecierea cu o cea\u0219c\u0103 grozav\u0103 de cafea \u2013 Black&amp;White4 neo va ad\u0103uga acel je ne sais quoi serviciului t\u0103u. Este de la sine \u00een\u021beles c\u0103 dori\u021bi s\u0103 oferi\u021bi clien\u021bilor \u0219i oaspe\u021bilor dvs. cele mai bune servicii, iar o cea\u0219c\u0103 de cafea va \u00eembun\u0103t\u0103\u021bi aceast\u0103 experien\u021b\u0103 client. Indiferent dac\u0103 dori\u021bi s\u0103 completa\u021bi experien\u021ba de wellness \u00een salonul dvs., s\u0103 \u00eenchide\u021bi v\u00e2nzarea unei ma\u0219ini mult dorite cu o cea\u0219c\u0103 de cafea premium sau s\u0103 ad\u0103uga\u021bi o not\u0103 special\u0103 unei excursii de cump\u0103r\u0103turi \u00een boutique-ul dvs., neo \u00eentruchipeaz\u0103 o calitate superioar\u0103 \u0219i un design atemporal. . Rezultate fiabile de fiecare dat\u0103, indiferent de cine opereaz\u0103 ma\u0219ina: angaja\u021bi sau clien\u021bi, baristi sau \u00eencep\u0103tori. Accentul dvs. se pune pe clien\u021bi, nu pe aparatul dvs. de cafea: Neo func\u021bioneaz\u0103 \u00een lini\u0219te \u00een fundal \u00een timp ce v\u0103 desf\u0103\u0219ura\u021bi activit\u0103\u021bile de zi cu zi, canalele pentru lapte \u0219i cafea sunt cur\u0103\u021bate prin ap\u0103sarea unui buton \u0219i v\u0103 spune c\u00e2nd are nevoie de ceva. Neo poate fi folosit de c\u0103tre personalul de serviciu sau pentru autoservire, de c\u0103tre un angajat sau un client, cu sau f\u0103r\u0103 preg\u0103tire. Cu instruc\u021biuni pas cu pas, neo nu ar putea fi mai u\u0219or sau mai intuitiv de utilizat, f\u0103c\u00e2ndu-l alegerea perfect\u0103 pentru afacerea dvs. \u00cen plus, nu trebuie s\u0103 v\u0103 face\u021bi griji \u00een leg\u0103tur\u0103 cu unde va ajunge, deoarece poate fi echipat cu un rezervor extern de ap\u0103 uzat\u0103 \u0219i necesit\u0103 pur \u0219i simplu o alimentare conven\u021bional\u0103 cu energie electric\u0103.<\/p>\n<p><strong>Clien\u021bii t\u0103i<\/strong><br \/>\nClien\u021bii dvs. \u00ee\u0219i fac timp pentru a v\u0103 vizita afacerea \u0219i se a\u0219teapt\u0103 la servicii \u0219i \u00eendrum\u0103ri de cea mai bun\u0103 calitate. Nu exist\u0103 o modalitate mai bun\u0103 de a oferi toate acestea dec\u00e2t cu o cea\u0219c\u0103 de cafea premium. Fabricat \u00een Elve\u021bia, neo-ul t\u0103u va atrage pe to\u021bi cu designul \u0219i b\u0103uturile sale extrem de de \u00eenalt\u0103 calitate. Materialele premium \u0219i aspectul elegant al ma\u0219inii \u00eei permit s\u0103 se integreze perfect \u00een toate set\u0103rile. Gama de b\u0103uturi \u0219i calitatea spumei de lapte adaug\u0103 finalul perfect vizitei unui client. \u00cen plus, neo poate fi adaptat pentru a satisface nevoile individuale: spum\u0103 de lapte proasp\u0103t; prelucrarea laptelui praf \u00een lapte lichid sau spum\u0103; spuma de lapte cald sau rece; un insert manual pentru cafea decofeinizat\u0103 sau instant; \u0219i procesarea soiurilor alternative de lapte. Specialit\u0103\u021bile de cafea sunt la fel de unice ca \u0219i clien\u021bii t\u0103i. Ecranul mare de 10 inchi poate fi adaptat pe deplin la cerin\u021bele individuale pentru a atrage aten\u021bia clien\u021bilor finali asupra ofertelor speciale, pentru a v\u0103 prezenta gama de produse sau pentru a anun\u021ba produse noi.<\/p>\n<\/div>\r\n\r\n[\/vc_column_inner][vc_column_inner width=&#8221;1\/2&#8243;]<div id=\"argenta-custom-69f2895650063\"  >\r\n\t<p><strong>Neo-ul t\u0103u<\/strong><br \/>\n<span class=\"JLqJ4b ChMk0b\" data-language-for-alternatives=\"ro\" data-language-to-translate-into=\"en\" data-phrase-index=\"0\" data-number-of-phrases=\"6\"><span class=\"Q4iAWc\">Neo dvs. este o completare de prim\u0103 clas\u0103 pentru compania dvs.<\/span><\/span> <span class=\"JLqJ4b ChMk0b\" data-language-for-alternatives=\"ro\" data-language-to-translate-into=\"en\" data-phrase-index=\"1\" data-number-of-phrases=\"6\"><span class=\"Q4iAWc\">Poate fi adaptat nevoilor dvs., se integreaz\u0103 perfect cu mediul \u00eenconjur\u0103tor \u0219i este disponibil \u00een diferite configura\u021bii.<\/span><\/span> <span class=\"JLqJ4b ChMk0b\" data-language-for-alternatives=\"ro\" data-language-to-translate-into=\"en\" data-phrase-index=\"2\" data-number-of-phrases=\"6\"><span class=\"Q4iAWc\">Datorit\u0103 numero\u0219ilor s\u0103i senzori, nu trebuie s\u0103 fii cu ochii pe ea tot timpul;<\/span><\/span> <span class=\"JLqJ4b ChMk0b\" data-language-for-alternatives=\"ro\" data-language-to-translate-into=\"en\" data-phrase-index=\"3\" data-number-of-phrases=\"6\"><span class=\"Q4iAWc\">neo v\u0103 va anun\u021ba dac\u0103 cea\u0219ca nu este pozi\u021bionat\u0103 corect sub gura de scurgere, dac\u0103 are nevoie de fasole sau ap\u0103 sau dac\u0103 sertarul pentru za\u021b este plin.<\/span><\/span> <span class=\"JLqJ4b ChMk0b\" data-language-for-alternatives=\"ro\" data-language-to-translate-into=\"en\" data-phrase-index=\"4\" data-number-of-phrases=\"6\"><span class=\"Q4iAWc\">\u00ce\u021bi cuno\u0219ti cel mai bine clien\u021bii c\u00e2nd vine vorba de cafea \u0219i specialit\u0103\u021bi din lapte, soiuri alternative de lapte spumat \u0219i chiar lapte sau ciocolat\u0103 praf.<\/span><\/span> <span class=\"JLqJ4b ChMk0b\" data-language-for-alternatives=\"ro\" data-language-to-translate-into=\"en\" data-phrase-index=\"5\" data-number-of-phrases=\"6\"><span class=\"Q4iAWc\">neo se adapteaz\u0103 la tine, nu invers.<\/span><\/span><\/p>\n<\/div>\r\n\r\n[\/vc_column_inner][\/vc_row_inner][\/vc_column][\/vc_row][vc_row][vc_column][vc_btn title=&#8221;\u00cenapoi la Black&amp;White4 neo&#8221; color=&#8221;black&#8221; align=&#8221;center&#8221; i_type=&#8221;material&#8221; i_icon_material=&#8221;vc-material vc-material-arrow_back&#8221; add_icon=&#8221;true&#8221; link=&#8221;url:https%3A%2F%2Fthermoplan.ro%2Fbg%2Fproduse%2Fblackwhite4-neo%2F|title:Black%26White4%20neo&#8221;][\/vc_column][\/vc_row]\n","protected":false},"excerpt":{"rendered":"<p>[vc_row full_width=&#8221;stretch_row_content_no_spaces&#8221; full_height=&#8221;yes&#8221;][vc_column][vc_single_image image=&#8221;6217&#8243; img_size=&#8221;full&#8221;][\/vc_column][\/vc_row][vc_row css=&#8221;.vc_custom_1652877852215{padding-top: 40px !important;padding-bottom: 40px !important;}&#8221;][vc_column][vc_empty_space][vc_row_inner gap=&#8221;15&#8243;][vc_column_inner width=&#8221;1\/2&#8243;][\/vc_column_inner][vc_column_inner width=&#8221;1\/2&#8243;][\/vc_column_inner][\/vc_row_inner][\/vc_column][\/vc_row][vc_row][vc_column][vc_btn title=&#8221;\u00cenapoi la Black&amp;White4 neo&#8221; color=&#8221;black&#8221; align=&#8221;center&#8221; i_type=&#8221;material&#8221; i_icon_material=&#8221;vc-material vc-material-arrow_back&#8221; add_icon=&#8221;true&#8221; link=&#8221;url:https%3A%2F%2Fthermoplan.ro%2Fbg%2Fproduse%2Fblackwhite4-neo%2F|title:Black%26White4%20neo&#8221;][\/vc_column][\/vc_row]<\/p>\n","protected":false},"author":1,"featured_media":0,"parent":5707,"menu_order":0,"comment_status":"closed","ping_status":"closed","template":"","meta":{"footnotes":""},"class_list":["post-6214","page","type-page","status-publish","hentry"],"acf":[],"_links":{"self":[{"href":"https:\/\/thermoplan.ro\/bg\/wp-json\/wp\/v2\/pages\/6214","targetHints":{"allow":["GET"]}}],"collection":[{"href":"https:\/\/thermoplan.ro\/bg\/wp-json\/wp\/v2\/pages"}],"about":[{"href":"https:\/\/thermoplan.ro\/bg\/wp-json\/wp\/v2\/types\/page"}],"author":[{"embeddable":true,"href":"https:\/\/thermoplan.ro\/bg\/wp-json\/wp\/v2\/users\/1"}],"replies":[{"embeddable":true,"href":"https:\/\/thermoplan.ro\/bg\/wp-json\/wp\/v2\/comments?post=6214"}],"version-history":[{"count":5,"href":"https:\/\/thermoplan.ro\/bg\/wp-json\/wp\/v2\/pages\/6214\/revisions"}],"predecessor-version":[{"id":6372,"href":"https:\/\/thermoplan.ro\/bg\/wp-json\/wp\/v2\/pages\/6214\/revisions\/6372"}],"up":[{"embeddable":true,"href":"https:\/\/thermoplan.ro\/bg\/wp-json\/wp\/v2\/pages\/5707"}],"wp:attachment":[{"href":"https:\/\/thermoplan.ro\/bg\/wp-json\/wp\/v2\/media?parent=6214"}],"curies":[{"name":"wp","href":"https:\/\/api.w.org\/{rel}","templated":true}]}}