{"id":6207,"date":"2022-05-18T12:48:17","date_gmt":"2022-05-18T12:48:17","guid":{"rendered":"https:\/\/thermoplan.ro\/bg\/?page_id=6207"},"modified":"2022-07-01T14:29:39","modified_gmt":"2022-07-01T14:29:39","slug":"birou","status":"publish","type":"page","link":"https:\/\/thermoplan.ro\/bg\/produse\/blackwhite4-neo\/birou\/","title":{"rendered":"Birou"},"content":{"rendered":"[vc_row full_width=&#8221;stretch_row_content_no_spaces&#8221; full_height=&#8221;yes&#8221;][vc_column][vc_single_image image=&#8221;6210&#8243; img_size=&#8221;full&#8221;][\/vc_column][\/vc_row][vc_row css=&#8221;.vc_custom_1652877852215{padding-top: 40px !important;padding-bottom: 40px !important;}&#8221;][vc_column]<div id=\"argenta-custom-69f46311ed8e5\"  class=\"heading-wrapper text-center\"  >\r\n\t\r\n\t<h3 class=\"second-title text-center\">Birou<\/h3>\r\n\r\n\t\r\n\t\r\n\t\t\t<p class=\"subtitle\">Alegerea este a ta. neo are ceva pentru toat\u0103 lumea.<\/p>\r\n\t<\/div>\t\r\n\r\n[vc_empty_space][vc_row_inner gap=&#8221;15&#8243;][vc_column_inner width=&#8221;1\/2&#8243;]<div id=\"argenta-custom-69f46311eda5f\"  >\r\n\t<p><b>Afacerea ta<\/b><br \/>\n<span class=\"JLqJ4b ChMk0b\" data-language-for-alternatives=\"ro\" data-language-to-translate-into=\"en\" data-phrase-index=\"0\" data-number-of-phrases=\"8\"><span class=\"Q4iAWc\">Varietatea \u0219i calitatea nu numai c\u0103 fac din Black&amp;White4 neo un punct de \u00eent\u00e2lnire, ci \u0219i o scuz\u0103 pentru a lua o pauz\u0103 de cafea.<\/span><\/span> <span class=\"JLqJ4b ChMk0b\" data-language-for-alternatives=\"ro\" data-language-to-translate-into=\"en\" data-phrase-index=\"1\" data-number-of-phrases=\"8\"><span class=\"Q4iAWc\">\u00cen birouri, s\u0103li de personal, coridoare \u0219i facilit\u0103\u021bi de catering, angaja\u021bilor \u0219i oaspe\u021bilor li se garanteaz\u0103 varietate \u0219i calitate maxim\u0103.<\/span><\/span> <span class=\"JLqJ4b ChMk0b\" data-language-for-alternatives=\"ro\" data-language-to-translate-into=\"en\" data-phrase-index=\"2\" data-number-of-phrases=\"8\"><span class=\"Q4iAWc\">\u00cen timpul unei zile stresante la birou, o cea\u0219c\u0103 bun\u0103 de cafea simbolizeaz\u0103 pu\u021bin timp liber \u0219i \u0219ansa de a v\u0103 re\u00eenc\u0103rca bateriile.<\/span><\/span> <span class=\"JLqJ4b ChMk0b\" data-language-for-alternatives=\"ro\" data-language-to-translate-into=\"en\" data-phrase-index=\"3\" data-number-of-phrases=\"8\"><span class=\"Q4iAWc\">R\u0103sf\u0103\u021ba\u021bi-v\u0103 angaja\u021bii cu neo \u0219i ceva pentru toate gusturile.<\/span><\/span> <span class=\"JLqJ4b ChMk0b\" data-language-for-alternatives=\"ro\" data-language-to-translate-into=\"en\" data-phrase-index=\"4\" data-number-of-phrases=\"8\"><span class=\"Q4iAWc\">Este extrem de important ca aparatul s\u0103 fie intuitiv \u0219i u\u0219or de utilizat, servind b\u0103utura dorit\u0103 \u00een c\u00e2t mai pu\u021bini pa\u0219i.<\/span><\/span> <span class=\"JLqJ4b ChMk0b\" data-language-for-alternatives=\"ro\" data-language-to-translate-into=\"en\" data-phrase-index=\"6\" data-number-of-phrases=\"8\"><span class=\"Q4iAWc\">Timpul este pre\u021bios, mai ales c\u00e2nd e\u0219ti \u00een pauz\u0103, iar s\u0103 bei o cea\u0219c\u0103 de cafea ar trebui s\u0103 fie rapid \u0219i u\u0219or.<\/span><\/span> <span class=\"JLqJ4b ChMk0b\" data-language-for-alternatives=\"ro\" data-language-to-translate-into=\"en\" data-phrase-index=\"7\" data-number-of-phrases=\"8\"><span class=\"Q4iAWc\">\u00cen orele de v\u00e2rf, toat\u0103 lumea se gr\u0103be\u0219te la aparatul de cafea \u2013 neo face fa\u021b\u0103 perfect provoc\u0103rii, iar solu\u021biile IoT \u00eenseamn\u0103 c\u0103 poate fi chiar optimizat\u0103 pentru a r\u0103spunde nevoilor individuale ale companiei dumneavoastr\u0103.<\/span><\/span><\/p>\n<p>&nbsp;<\/p>\n<p><strong>Clien\u021bii t\u0103i<\/strong><br \/>\n<span class=\"JLqJ4b ChMk0b\" data-language-for-alternatives=\"ro\" data-language-to-translate-into=\"en\" data-phrase-index=\"0\" data-number-of-phrases=\"5\"><span class=\"Q4iAWc\">\u00cen birouri \u0219i facilit\u0103\u021bi de catering, angaja\u021bii \u0219i oaspe\u021bii \u00ee\u0219i doresc un aparat de cafea de \u00eencredere, cu cea mai mare gam\u0103 posibil\u0103 de b\u0103uturi.<\/span><\/span> <span class=\"JLqJ4b ChMk0b\" data-language-for-alternatives=\"ro\" data-language-to-translate-into=\"en\" data-phrase-index=\"1\" data-number-of-phrases=\"5\"><span class=\"Q4iAWc\">Accentul ar trebui s\u0103 se concentreze pe afacerea dvs. de zi cu zi, nu pe aparatul de cafea.<\/span><\/span> <span class=\"JLqJ4b ChMk0b\" data-language-for-alternatives=\"ro\" data-language-to-translate-into=\"en\" data-phrase-index=\"2\" data-number-of-phrases=\"5\"><span class=\"Q4iAWc\">Lua\u021bi o pauz\u0103, ap\u0103sa\u021bi un buton, bucura\u021bi-v\u0103 de o cea\u0219c\u0103 de cafea perfect\u0103.<\/span><\/span> <span class=\"JLqJ4b ChMk0b\" data-language-for-alternatives=\"ro\" data-language-to-translate-into=\"en\" data-phrase-index=\"3\" data-number-of-phrases=\"5\"><span class=\"Q4iAWc\">neo este extrem de u\u0219or de utilizat \u0219i de cur\u0103\u021bat, astfel \u00eenc\u00e2t angaja\u021bii t\u0103i se pot concentra pe ceea ce conteaz\u0103 cu adev\u0103rat.<\/span><\/span> <span class=\"JLqJ4b ChMk0b\" data-language-for-alternatives=\"ro\" data-language-to-translate-into=\"en\" data-phrase-index=\"4\" data-number-of-phrases=\"5\"><span class=\"Q4iAWc\">Instruc\u021biunile intuitive pas cu pas garanteaz\u0103 o cur\u0103\u021bare eficient\u0103 \u0219i u\u0219oar\u0103.<\/span><\/span><\/p>\n<\/div>\r\n\r\n[\/vc_column_inner][vc_column_inner width=&#8221;1\/2&#8243;]<div id=\"argenta-custom-69f46311edb0e\"  >\r\n\t<p><strong>Neo-ul t\u0103u<\/strong><br \/>\n<span class=\"JLqJ4b ChMk0b\" data-language-for-alternatives=\"ro\" data-language-to-translate-into=\"en\" data-phrase-index=\"0\" data-number-of-phrases=\"8\"><span class=\"Q4iAWc\">Un mediu de birou poate reprezenta o provocare: aliment\u0103rile cu energie electric\u0103 \u0219i ap\u0103 nu pot fi luate de la sine \u00een\u021belese, motiv pentru care neo este conceput s\u0103 se adapteze la mediul \u00eenconjur\u0103tor.<\/span><\/span> <span class=\"JLqJ4b ChMk0b\" data-language-for-alternatives=\"ro\" data-language-to-translate-into=\"en\" data-phrase-index=\"1\" data-number-of-phrases=\"8\"><span class=\"Q4iAWc\">Aparatul are un rezervor de ap\u0103 \u00eencorporat \u0219i func\u021bioneaz\u0103 cu o surs\u0103 de energie electric\u0103 conven\u021bional\u0103 de 230 de vol\u021bi, oferind mobilitate maxim\u0103 combinat\u0103 cu o calitate constant\u0103 \u00eenalt\u0103.<\/span><\/span> <span class=\"JLqJ4b ChMk0b\" data-language-for-alternatives=\"ro\" data-language-to-translate-into=\"en\" data-phrase-index=\"2\" data-number-of-phrases=\"8\"><span class=\"Q4iAWc\">\u00cen birourile comune, poate fi conectat \u0219i la un sistem de contorizare.<\/span><\/span> <span class=\"JLqJ4b ChMk0b\" data-language-for-alternatives=\"ro\" data-language-to-translate-into=\"en\" data-phrase-index=\"3\" data-number-of-phrases=\"8\"><span class=\"Q4iAWc\">Arat\u0103-\u021bi aprecierea pentru echipa ta cu neo.<\/span><\/span> <span class=\"JLqJ4b ChMk0b\" data-language-for-alternatives=\"ro\" data-language-to-translate-into=\"en\" data-phrase-index=\"4\" data-number-of-phrases=\"8\"><span class=\"Q4iAWc\">Aceast\u0103 pies\u0103 de m\u0103iestrie elve\u021bian\u0103 v\u0103 ofer\u0103 cafea premium \u0219i o nou\u0103 dimensiune a pl\u0103cerii pentru pauza dvs. de cafea: Tehnologiile inovatoare garanteaz\u0103 constant calitate \u00eenalt\u0103;<\/span><\/span> <span class=\"JLqJ4b ChMk0b\" data-language-for-alternatives=\"ro\" data-language-to-translate-into=\"en\" data-phrase-index=\"5\" data-number-of-phrases=\"8\"><span class=\"Q4iAWc\">b\u0103uturile pot fi eliminate cu spum\u0103 de lapte cald\u0103 sau rece;<\/span><\/span> <span class=\"JLqJ4b ChMk0b\" data-language-for-alternatives=\"ro\" data-language-to-translate-into=\"en\" data-phrase-index=\"6\" data-number-of-phrases=\"8\"><span class=\"Q4iAWc\">iar aparatul are o inser\u021bie manual\u0103 pentru cafea instant, cum ar fi decofeinizat.<\/span><\/span> <span class=\"JLqJ4b ChMk0b\" data-language-for-alternatives=\"ro\" data-language-to-translate-into=\"en\" data-phrase-index=\"7\" data-number-of-phrases=\"8\"><span class=\"Q4iAWc\">neo combin\u0103 operarea intuitiv\u0103 cu un grad ridicat de fiabilitate, func\u021bii multiple \u0219i distribuirea rapid\u0103 a unei game largi de produse de top \u2013 un mic impuls de motiva\u021bie pentru echipa ta.<\/span><\/span><\/p>\n<\/div>\r\n\r\n[\/vc_column_inner][\/vc_row_inner][\/vc_column][\/vc_row][vc_row][vc_column][vc_btn title=&#8221;\u00cenapoi la Black&amp;White4 neo&#8221; color=&#8221;black&#8221; align=&#8221;center&#8221; i_type=&#8221;material&#8221; i_icon_material=&#8221;vc-material vc-material-arrow_back&#8221; add_icon=&#8221;true&#8221; link=&#8221;url:https%3A%2F%2Fthermoplan.ro%2Fbg%2Fproduse%2Fblackwhite4-neo%2F|title:Black%26White4%20neo&#8221;][\/vc_column][\/vc_row]\n","protected":false},"excerpt":{"rendered":"<p>[vc_row full_width=&#8221;stretch_row_content_no_spaces&#8221; full_height=&#8221;yes&#8221;][vc_column][vc_single_image image=&#8221;6210&#8243; img_size=&#8221;full&#8221;][\/vc_column][\/vc_row][vc_row css=&#8221;.vc_custom_1652877852215{padding-top: 40px !important;padding-bottom: 40px !important;}&#8221;][vc_column][vc_empty_space][vc_row_inner gap=&#8221;15&#8243;][vc_column_inner width=&#8221;1\/2&#8243;][\/vc_column_inner][vc_column_inner width=&#8221;1\/2&#8243;][\/vc_column_inner][\/vc_row_inner][\/vc_column][\/vc_row][vc_row][vc_column][vc_btn title=&#8221;\u00cenapoi la Black&amp;White4 neo&#8221; color=&#8221;black&#8221; align=&#8221;center&#8221; i_type=&#8221;material&#8221; i_icon_material=&#8221;vc-material vc-material-arrow_back&#8221; add_icon=&#8221;true&#8221; link=&#8221;url:https%3A%2F%2Fthermoplan.ro%2Fbg%2Fproduse%2Fblackwhite4-neo%2F|title:Black%26White4%20neo&#8221;][\/vc_column][\/vc_row]<\/p>\n","protected":false},"author":1,"featured_media":0,"parent":5707,"menu_order":0,"comment_status":"closed","ping_status":"closed","template":"","meta":{"footnotes":""},"class_list":["post-6207","page","type-page","status-publish","hentry"],"acf":[],"_links":{"self":[{"href":"https:\/\/thermoplan.ro\/bg\/wp-json\/wp\/v2\/pages\/6207","targetHints":{"allow":["GET"]}}],"collection":[{"href":"https:\/\/thermoplan.ro\/bg\/wp-json\/wp\/v2\/pages"}],"about":[{"href":"https:\/\/thermoplan.ro\/bg\/wp-json\/wp\/v2\/types\/page"}],"author":[{"embeddable":true,"href":"https:\/\/thermoplan.ro\/bg\/wp-json\/wp\/v2\/users\/1"}],"replies":[{"embeddable":true,"href":"https:\/\/thermoplan.ro\/bg\/wp-json\/wp\/v2\/comments?post=6207"}],"version-history":[{"count":5,"href":"https:\/\/thermoplan.ro\/bg\/wp-json\/wp\/v2\/pages\/6207\/revisions"}],"predecessor-version":[{"id":6420,"href":"https:\/\/thermoplan.ro\/bg\/wp-json\/wp\/v2\/pages\/6207\/revisions\/6420"}],"up":[{"embeddable":true,"href":"https:\/\/thermoplan.ro\/bg\/wp-json\/wp\/v2\/pages\/5707"}],"wp:attachment":[{"href":"https:\/\/thermoplan.ro\/bg\/wp-json\/wp\/v2\/media?parent=6207"}],"curies":[{"name":"wp","href":"https:\/\/api.w.org\/{rel}","templated":true}]}}