{"id":6194,"date":"2022-05-18T12:40:19","date_gmt":"2022-05-18T12:40:19","guid":{"rendered":"https:\/\/thermoplan.ro\/bg\/?page_id=6194"},"modified":"2022-07-01T14:29:07","modified_gmt":"2022-07-01T14:29:07","slug":"cazare","status":"publish","type":"page","link":"https:\/\/thermoplan.ro\/bg\/produse\/blackwhite4-neo\/cazare\/","title":{"rendered":"Cazare"},"content":{"rendered":"[vc_row full_width=&#8221;stretch_row_content_no_spaces&#8221; full_height=&#8221;yes&#8221;][vc_column][vc_single_image image=&#8221;6197&#8243; img_size=&#8221;full&#8221;][\/vc_column][\/vc_row][vc_row css=&#8221;.vc_custom_1652877852215{padding-top: 40px !important;padding-bottom: 40px !important;}&#8221;][vc_column]<div id=\"argenta-custom-69f4617e31ff4\"  class=\"heading-wrapper text-center\"  >\r\n\t\r\n\t<h3 class=\"second-title text-center\">Cazare<\/h3>\r\n\r\n\t\r\n\t\r\n\t\t\t<p class=\"subtitle\">\u00cencepe ziua neo. Va fi special.<\/p>\r\n\t<\/div>\t\r\n\r\n[vc_empty_space][vc_row_inner gap=&#8221;15&#8243;][vc_column_inner width=&#8221;1\/2&#8243;]<div id=\"argenta-custom-69f4617e39bcb\"  >\r\n\t<p><strong>Afacerea ta<\/strong><br \/>\nC\u00e2nd \u0219ederea unui oaspete \u00eencepe \u0219i se termin\u0103 cu o cea\u0219c\u0103 de cafea, Black&amp;White4 neo \u00eel va face unul special. Oaspe\u021bii de la hotelul dvs. vor aprecia o cea\u0219c\u0103 de cafea grozav\u0103 la micul dejun tip bufet pentru a \u00eencepe ziua. Fie c\u0103 se afl\u0103 \u00een col\u021bul de cafea al unui lounge sau ca un serviciu pe care \u00eel oferi\u021bi la fiecare etaj, iubitorii de cafea se pot servi pe acest aparat intuitiv. Participan\u021bii la evenimente, seminare \u0219i ateliere se pot \u00eent\u00e2lni la o ma\u0219in\u0103 neo \u00een timpul pauzelor \u0219i se pot \u00eentoarce la munc\u0103 plini de energie. Fie c\u0103 este vorba de un B&amp;B sau de un hotel grandios, pe neo nu \u00eel deranjeaz\u0103. Neo-ul t\u0103u se va adapta la tine, nu invers.<\/p>\n<p>U\u0219or \u0219i intuitiv de utilizat, neo este creat pentru autoservire. Orele de v\u00e2rf la mas\u0103 sau la evenimente nu reprezint\u0103 o problem\u0103 pentru aceast\u0103 ma\u0219in\u0103, care ofer\u0103 \u00een mod constant produse de cea mai bun\u0103 calitate. Lucr\u0103torii \u00een schimburi \u0219i angaja\u021bii cu norm\u0103 par\u021bial\u0103 vor iubi neo datorit\u0103 simplit\u0103\u021bii sale, u\u0219urin\u021bei \u00een cur\u0103\u021bare \u0219i u\u0219urin\u021bei \u00een utilizare.<br \/>\n<strong>Clien\u021bii t\u0103i<\/strong><br \/>\nFace\u021bi \u0219ederea oaspe\u021bilor dvs. deosebit de special\u0103, fie c\u0103 sunt \u00een vacan\u021b\u0103, \u00eentr-o c\u0103l\u0103torie de afaceri sau doar \u00een trecere. Pot \u00eencepe ziua cu un \u043a\u0430\u043f\u0443\u0447\u0438\u043d\u043e \u0219i o pot termina cu un \u0435\u0441\u043f\u0440\u0435\u0441\u043e. Oaspe\u021bii t\u0103i merit\u0103 calitate superioar\u0103 cu simplitate maxim\u0103: neo le garanteaz\u0103 pe ambele \u0219i \u00eei ajut\u0103 s\u0103 g\u0103seasc\u0103 b\u0103utura pe care o caut\u0103 cu ecranul s\u0103u atractiv de 10 inchi. Este extrem de sigur de utilizat \u0219i v\u0103 anun\u021b\u0103 dac\u0103 cea\u0219ca nu este pozi\u021bionat\u0103 corect sub gura de scurgere. Lua\u021bi un \u0435\u0441\u043f\u0440\u0435\u0441\u043e rapid \u00eentre sosire \u0219i check-in. Bucura\u021bi-v\u0103 de un \u043b\u0430\u0442\u0435 macchiato cremos la micul dejun. Savura\u021bi un \u043a\u0430\u043f\u0443\u0447\u0438\u043d\u043e intens cu spum\u0103 de lapte ca nimeni altul \u00een hol \u00een timpul unei \u00eent\u00e2lniri cu un partener de afaceri. Oaspe\u021bii t\u0103i vor aprecia calitatea superioar\u0103 oferit\u0103 de un aparat premium.<\/p>\n<\/div>\r\n\r\n[\/vc_column_inner][vc_column_inner width=&#8221;1\/2&#8243;]<div id=\"argenta-custom-69f4617e39e47\"  >\r\n\t<p><strong>Neo-ul t\u0103u<\/strong><br \/>\nPute\u021bi utiliza neo \u00een afacerea dvs. cu o surs\u0103 de energie electric\u0103 conven\u021bional\u0103 de 230 de vol\u021bi, f\u0103r\u0103 a fi nevoie s\u0103 adapta\u021bi infrastructura existent\u0103. Nu este nevoie de un tehnician; pur \u0219i simplu configura\u021bi-l \u0219i bucura\u021bi-v\u0103 de cafea! Ma\u0219ina dvs. este o pies\u0103 de m\u0103iestrie elve\u021bian\u0103 care poate fi amplasat\u0103 oriunde datorit\u0103 rezervorului de ap\u0103 extern sau \u00eencorporat de 4 \u043b. \u0219i a conexiunii la ap\u0103 uzat\u0103. Fie pe coridorul hotelului, \u00een hol sau \u00een bufet, este solu\u021bia mobil\u0103 perfect\u0103. Oriunde l-a\u021bi configura, neo este u\u0219or de utilizat datorit\u0103 interfe\u021bei ghidate de utilizator. Op\u021biunile de configurare flexibile \u00eenseamn\u0103 c\u0103 toate nevoile oaspe\u021bilor dvs. sunt acoperite de la cafea cald\u0103 sau rece \u0219i specialit\u0103\u021bi de lapte p\u00e2n\u0103 la soiuri alternative de lapte spumat sau o op\u021biune de praf. Este extrem de u\u0219or de \u00eentre\u021binut, iar tehnologia ISQ sofisticat\u0103 garanteaz\u0103 o calitate constant\u0103 cea\u0219c\u0103 dup\u0103 cea\u0219c\u0103. Neo este echipat cu solu\u021bii digitale inteligente. \u00cen hoteluri \u0219i lan\u021buri mari, este posibil s\u0103 monitoriza\u021bi mai multe ma\u0219ini \u0219i s\u0103 analiza\u021bi date relevante adaptate intereselor dumneavoastr\u0103. Aceasta v\u0103 ofer\u0103 o imagine de ansamblu asupra b\u0103uturilor cele mai populare, \u00een ce momente, c\u00e2nd apar v\u00e2rfuri \u0219i c\u00e2nd este cel mai bun moment pentru a cur\u0103\u021ba aparatul \u0219i a completa boabele de cafea. Afi\u0219ajul mare poate fi personalizat cu anun\u021buri, calendare de evenimente, meniuri sau chiar reclame pentru excursii sau destina\u021bii populare. Alternativ, v\u0103 pute\u021bi saluta oaspe\u021bii cu propria reclam\u0103 sau logo-ul companiei. Solu\u021biile Thermoplan IoT pot fi adaptate nevoilor dumneavoastr\u0103, iar op\u021biunile sunt practic nelimitate.<\/p>\n<\/div>\r\n\r\n[\/vc_column_inner][\/vc_row_inner][\/vc_column][\/vc_row][vc_row][vc_column][vc_btn title=&#8221;\u00cenapoi la Black&amp;White4 neo&#8221; color=&#8221;black&#8221; align=&#8221;center&#8221; i_type=&#8221;material&#8221; i_icon_material=&#8221;vc-material vc-material-arrow_back&#8221; add_icon=&#8221;true&#8221; link=&#8221;url:https%3A%2F%2Fthermoplan.ro%2Fbg%2Fproduse%2Fblackwhite4-neo%2F|title:Black%26White4%20neo&#8221;][\/vc_column][\/vc_row]\n","protected":false},"excerpt":{"rendered":"<p>[vc_row full_width=&#8221;stretch_row_content_no_spaces&#8221; full_height=&#8221;yes&#8221;][vc_column][vc_single_image image=&#8221;6197&#8243; img_size=&#8221;full&#8221;][\/vc_column][\/vc_row][vc_row css=&#8221;.vc_custom_1652877852215{padding-top: 40px !important;padding-bottom: 40px !important;}&#8221;][vc_column][vc_empty_space][vc_row_inner gap=&#8221;15&#8243;][vc_column_inner width=&#8221;1\/2&#8243;][\/vc_column_inner][vc_column_inner width=&#8221;1\/2&#8243;][\/vc_column_inner][\/vc_row_inner][\/vc_column][\/vc_row][vc_row][vc_column][vc_btn title=&#8221;\u00cenapoi la Black&amp;White4 neo&#8221; color=&#8221;black&#8221; align=&#8221;center&#8221; i_type=&#8221;material&#8221; i_icon_material=&#8221;vc-material vc-material-arrow_back&#8221; add_icon=&#8221;true&#8221; link=&#8221;url:https%3A%2F%2Fthermoplan.ro%2Fbg%2Fproduse%2Fblackwhite4-neo%2F|title:Black%26White4%20neo&#8221;][\/vc_column][\/vc_row]<\/p>\n","protected":false},"author":1,"featured_media":0,"parent":5707,"menu_order":0,"comment_status":"closed","ping_status":"closed","template":"","meta":{"footnotes":""},"class_list":["post-6194","page","type-page","status-publish","hentry"],"acf":[],"_links":{"self":[{"href":"https:\/\/thermoplan.ro\/bg\/wp-json\/wp\/v2\/pages\/6194","targetHints":{"allow":["GET"]}}],"collection":[{"href":"https:\/\/thermoplan.ro\/bg\/wp-json\/wp\/v2\/pages"}],"about":[{"href":"https:\/\/thermoplan.ro\/bg\/wp-json\/wp\/v2\/types\/page"}],"author":[{"embeddable":true,"href":"https:\/\/thermoplan.ro\/bg\/wp-json\/wp\/v2\/users\/1"}],"replies":[{"embeddable":true,"href":"https:\/\/thermoplan.ro\/bg\/wp-json\/wp\/v2\/comments?post=6194"}],"version-history":[{"count":13,"href":"https:\/\/thermoplan.ro\/bg\/wp-json\/wp\/v2\/pages\/6194\/revisions"}],"predecessor-version":[{"id":6419,"href":"https:\/\/thermoplan.ro\/bg\/wp-json\/wp\/v2\/pages\/6194\/revisions\/6419"}],"up":[{"embeddable":true,"href":"https:\/\/thermoplan.ro\/bg\/wp-json\/wp\/v2\/pages\/5707"}],"wp:attachment":[{"href":"https:\/\/thermoplan.ro\/bg\/wp-json\/wp\/v2\/media?parent=6194"}],"curies":[{"name":"wp","href":"https:\/\/api.w.org\/{rel}","templated":true}]}}